{"id":1831,"date":"2025-02-04T09:27:36","date_gmt":"2025-02-04T09:27:36","guid":{"rendered":"https:\/\/bergabazars.lv\/?page_id=1831"},"modified":"2025-10-16T07:42:20","modified_gmt":"2025-10-16T07:42:20","slug":"sikdatnu-politika","status":"publish","type":"page","link":"https:\/\/bergabazars.lv\/en\/sikdatnu-politika\/","title":{"rendered":"Cookie policy"},"content":{"rendered":"<div data-elementor-type=\"wp-page\" data-elementor-id=\"1831\" class=\"elementor elementor-1831\" data-elementor-post-type=\"page\">\n\t\t\t\t<div class=\"elementor-element elementor-element-89a3164 e-con-full e-flex e-con e-parent\" data-id=\"89a3164\" data-element_type=\"container\" data-e-type=\"container\">\n\t\t<div class=\"elementor-element elementor-element-a157c10 e-con-full e-flex e-con e-child\" data-id=\"a157c10\" data-element_type=\"container\" data-e-type=\"container\" data-settings=\"{&quot;background_background&quot;:&quot;classic&quot;}\">\n\t\t<div class=\"elementor-element elementor-element-739228b e-con-full e-flex e-con e-child\" data-id=\"739228b\" data-element_type=\"container\" data-e-type=\"container\">\n\t\t\t\t<div class=\"elementor-element elementor-element-963b8a8 elementor-invisible elementor-widget elementor-widget-heading\" data-id=\"963b8a8\" data-element_type=\"widget\" data-e-type=\"widget\" data-settings=\"{&quot;_animation&quot;:&quot;fadeIn&quot;}\" data-widget_type=\"heading.default\">\n\t\t\t\t<div class=\"elementor-widget-container\">\n\t\t\t\t\t<h1 class=\"elementor-heading-title elementor-size-default\">Cookie policy<\/h1>\t\t\t\t<\/div>\n\t\t\t\t<\/div>\n\t\t\t\t<\/div>\n\t\t\t\t<\/div>\n\t\t<div class=\"elementor-element elementor-element-1040f3e e-con-full e-flex e-con e-child\" data-id=\"1040f3e\" data-element_type=\"container\" data-e-type=\"container\" data-settings=\"{&quot;background_background&quot;:&quot;classic&quot;}\">\n\t\t\t\t<\/div>\n\t\t\t\t<\/div>\n\t\t<div class=\"elementor-element elementor-element-d060567 e-con-full e-flex e-con e-parent\" data-id=\"d060567\" data-element_type=\"container\" data-e-type=\"container\" data-settings=\"{&quot;background_background&quot;:&quot;classic&quot;}\">\n\t\t<div class=\"elementor-element elementor-element-bb3bf1e e-con-full e-flex e-con e-child\" data-id=\"bb3bf1e\" data-element_type=\"container\" data-e-type=\"container\">\n\t\t\t\t<div class=\"elementor-element elementor-element-5f6b43b elementor-widget elementor-widget-text-editor\" data-id=\"5f6b43b\" data-element_type=\"widget\" data-e-type=\"widget\" data-widget_type=\"text-editor.default\">\n\t\t\t\t<div class=\"elementor-widget-container\">\n\t\t\t\t\t\t\t\t\t<p>Cookies are small text files that are created and stored on your electronic device (computer, tablet, mobile phone, etc.) when you visit our website. Cookies \"remember\" your experience and basic information, thereby improving the convenience of using our website.\u00a0<\/p><p>Cookies are used to process website usage history data, diagnose issues and deficiencies in website performance, gather statistics on website visits, and ensure the full and convenient use of website functionality. We use the following cookies:<\/p><ul><li>Essential cookies \u2013 to enable website visitors to navigate the site and use its features.<\/li><li>past\u0101v\u012bg\u0101 s\u012bkdatnes, kas \u013cauj saglab\u0101t J\u016bsu veikt\u0101s izv\u0113les, apmekl\u0113jot m\u0101jaslapu (piem\u0113ram, valodu);<\/li><li>Third-party service provider cookies (e.g.\u00a0\u00a0<i>Google Analytics<\/i>,\u00a0<i>Facebook, Twitter<\/i>). Such cookies may be placed on the website when you visit it, providing information that you have accessed this site. If you would like more details on how these third parties use cookies, please visit their respective websites.\u00a0<\/li><\/ul><div>\u00a0<\/div><p>If you do not wish to allow the use of cookies, you can disable them by changing your internet browser settings. However, this may affect and limit the functionality of our website. Stored cookies can be deleted in your device\u2019s browser settings by clearing the saved cookie history. Additional information on managing cookie preferences can also be found in the settings of popular web browsers.<\/p>\t\t\t\t\t\t\t\t<\/div>\n\t\t\t\t<\/div>\n\t\t\t\t<\/div>\n\t\t\t\t<\/div>\n\t\t<div class=\"elementor-element elementor-element-c2c8ca1 e-con-full e-flex e-con e-parent\" data-id=\"c2c8ca1\" data-element_type=\"container\" data-e-type=\"container\" data-settings=\"{&quot;background_background&quot;:&quot;classic&quot;}\">\n\t\t\t\t<\/div>\n\t\t\t\t<\/div>","protected":false},"excerpt":{"rendered":"<p>S\u012bkdat\u0146u politika S\u012bkdatnes ir nelielas teksta datnes, kas tiek izveidotas un saglab\u0101tas J\u016bsu elektroniskaj\u0101 ier\u012bc\u0113 (dator\u0101, plan\u0161et\u0113, mobilaj\u0101 t\u0101lrun\u012b un tml.), apmekl\u0113jot m\u016bsu interneta vietni. S\u012bkdatnes \u201catceras\u201d J\u016bsu pieredzi un pamatinform\u0101ciju un t\u0101d\u0113j\u0101di uzlabo m\u016bsu interneta vietnes lieto\u0161anas \u0113rtumu.\u00a0 S\u012bkdatnes tiek izmantotas, lai apstr\u0101d\u0101tu interneta vietnes lieto\u0161anas v\u0113stures datus, diagnostic\u0113tu probl\u0113mas un tr\u016bkumus vietnes darb\u012bb\u0101, [&hellip;]<\/p>","protected":false},"author":1,"featured_media":0,"parent":0,"menu_order":0,"comment_status":"closed","ping_status":"closed","template":"elementor_header_footer","meta":{"_acf_changed":false,"inline_featured_image":false,"footnotes":""},"class_list":["post-1831","page","type-page","status-publish","hentry"],"acf":[],"_links":{"self":[{"href":"https:\/\/bergabazars.lv\/en\/wp-json\/wp\/v2\/pages\/1831","targetHints":{"allow":["GET"]}}],"collection":[{"href":"https:\/\/bergabazars.lv\/en\/wp-json\/wp\/v2\/pages"}],"about":[{"href":"https:\/\/bergabazars.lv\/en\/wp-json\/wp\/v2\/types\/page"}],"author":[{"embeddable":true,"href":"https:\/\/bergabazars.lv\/en\/wp-json\/wp\/v2\/users\/1"}],"replies":[{"embeddable":true,"href":"https:\/\/bergabazars.lv\/en\/wp-json\/wp\/v2\/comments?post=1831"}],"version-history":[{"count":4,"href":"https:\/\/bergabazars.lv\/en\/wp-json\/wp\/v2\/pages\/1831\/revisions"}],"predecessor-version":[{"id":1838,"href":"https:\/\/bergabazars.lv\/en\/wp-json\/wp\/v2\/pages\/1831\/revisions\/1838"}],"wp:attachment":[{"href":"https:\/\/bergabazars.lv\/en\/wp-json\/wp\/v2\/media?parent=1831"}],"curies":[{"name":"wp","href":"https:\/\/api.w.org\/{rel}","templated":true}]}}