{"id":1839,"date":"2025-02-04T09:33:59","date_gmt":"2025-02-04T09:33:59","guid":{"rendered":"https:\/\/bergabazars.lv\/?page_id=1839"},"modified":"2025-10-16T07:42:19","modified_gmt":"2025-10-16T07:42:19","slug":"noteikumi","status":"publish","type":"page","link":"https:\/\/bergabazars.lv\/en\/noteikumi\/","title":{"rendered":"Regulations"},"content":{"rendered":"<div data-elementor-type=\"wp-page\" data-elementor-id=\"1839\" class=\"elementor elementor-1839\" data-elementor-post-type=\"page\">\n\t\t\t\t<div class=\"elementor-element elementor-element-89a3164 e-con-full e-flex e-con e-parent\" data-id=\"89a3164\" data-element_type=\"container\" data-e-type=\"container\">\n\t\t<div class=\"elementor-element elementor-element-a157c10 e-con-full e-flex e-con e-child\" data-id=\"a157c10\" data-element_type=\"container\" data-e-type=\"container\" data-settings=\"{&quot;background_background&quot;:&quot;classic&quot;}\">\n\t\t<div class=\"elementor-element elementor-element-739228b e-con-full e-flex e-con e-child\" data-id=\"739228b\" data-element_type=\"container\" data-e-type=\"container\">\n\t\t\t\t<div class=\"elementor-element elementor-element-963b8a8 elementor-invisible elementor-widget elementor-widget-heading\" data-id=\"963b8a8\" data-element_type=\"widget\" data-e-type=\"widget\" data-settings=\"{&quot;_animation&quot;:&quot;fadeIn&quot;}\" data-widget_type=\"heading.default\">\n\t\t\t\t<div class=\"elementor-widget-container\">\n\t\t\t\t\t<h1 class=\"elementor-heading-title elementor-size-default\">Regulations<\/h1>\t\t\t\t<\/div>\n\t\t\t\t<\/div>\n\t\t\t\t<\/div>\n\t\t\t\t<\/div>\n\t\t<div class=\"elementor-element elementor-element-1040f3e e-con-full e-flex e-con e-child\" data-id=\"1040f3e\" data-element_type=\"container\" data-e-type=\"container\" data-settings=\"{&quot;background_background&quot;:&quot;classic&quot;}\">\n\t\t\t\t<\/div>\n\t\t\t\t<\/div>\n\t\t<div class=\"elementor-element elementor-element-bad9d7f e-con-full e-flex e-con e-parent\" data-id=\"bad9d7f\" data-element_type=\"container\" data-e-type=\"container\" data-settings=\"{&quot;background_background&quot;:&quot;classic&quot;}\">\n\t\t<div class=\"elementor-element elementor-element-812b029 e-con-full e-flex e-con e-child\" data-id=\"812b029\" data-element_type=\"container\" data-e-type=\"container\">\n\t\t\t\t<div class=\"elementor-element elementor-element-e999c7a elementor-widget elementor-widget-image\" data-id=\"e999c7a\" data-element_type=\"widget\" data-e-type=\"widget\" data-widget_type=\"image.default\">\n\t\t\t\t<div class=\"elementor-widget-container\">\n\t\t\t\t\t\t\t\t\t\t\t\t\t\t\t<img fetchpriority=\"high\" decoding=\"async\" width=\"714\" height=\"1024\" src=\"https:\/\/bergabazars.lv\/wp-content\/uploads\/2025\/04\/bb_noteikumi-714x1024.webp\" class=\"attachment-large size-large wp-image-2258\" alt=\"\" srcset=\"https:\/\/bergabazars.lv\/wp-content\/uploads\/2025\/04\/bb_noteikumi-714x1024.webp 714w, https:\/\/bergabazars.lv\/wp-content\/uploads\/2025\/04\/bb_noteikumi-209x300.webp 209w, https:\/\/bergabazars.lv\/wp-content\/uploads\/2025\/04\/bb_noteikumi-768x1102.webp 768w, https:\/\/bergabazars.lv\/wp-content\/uploads\/2025\/04\/bb_noteikumi-1070x1536.webp 1070w, https:\/\/bergabazars.lv\/wp-content\/uploads\/2025\/04\/bb_noteikumi-1427x2048.webp 1427w, https:\/\/bergabazars.lv\/wp-content\/uploads\/2025\/04\/bb_noteikumi-8x12.webp 8w, https:\/\/bergabazars.lv\/wp-content\/uploads\/2025\/04\/bb_noteikumi-scaled.webp 1784w\" sizes=\"(max-width: 714px) 100vw, 714px\" \/>\t\t\t\t\t\t\t\t\t\t\t\t\t\t\t<\/div>\n\t\t\t\t<\/div>\n\t\t\t\t<div class=\"elementor-element elementor-element-95913a8 elementor-widget elementor-widget-heading\" data-id=\"95913a8\" data-element_type=\"widget\" data-e-type=\"widget\" data-widget_type=\"heading.default\">\n\t\t\t\t<div class=\"elementor-widget-container\">\n\t\t\t\t\t<h3 class=\"elementor-heading-title elementor-size-default\"><br><br><br>Autost\u0101vvietas Lieto\u0161anas Noteikumi (St\u0101vvieta Dz90)<\/h3>\t\t\t\t<\/div>\n\t\t\t\t<\/div>\n\t\t\t\t<div class=\"elementor-element elementor-element-9a81e14 elementor-widget elementor-widget-text-editor\" data-id=\"9a81e14\" data-element_type=\"widget\" data-e-type=\"widget\" data-widget_type=\"text-editor.default\">\n\t\t\t\t<div class=\"elementor-widget-container\">\n\t\t\t\t\t\t\t\t\t<ol><li>\u0160\u012bs autost\u0101vvietas teritorija\u00a0(Autost\u0101vvieta)\u00a0ir priv\u0101t\u012bpa\u0161ums. Autost\u0101vvietas \u012bpa\u0161nieki ir Sabiedr\u012bba ar ierobe\u017eotu atbild\u012bbu \u201cOmnium Novus\u201d, re\u0123istr\u0101cijas Nr.40003224680, un SIA \u201cOmnium Invest\u201d, re\u0123istr\u0101cijas Nr. 40003882449,\u00a0(\u012apa\u0161nieki).<\/li><li>\u0160ie Autost\u0101vvietas Lieto\u0161anas Noteikumi\u00a0(ALN)\u00a0ir saisto\u0161i vis\u0101m person\u0101m (transporta l\u012bdzek\u013cu vad\u012bt\u0101jiem), kuras iebrauc un novieto\u00a0 transportl\u012bdzekli\u00a0 \u0161aj\u0101 Autost\u0101vviet\u0101.\u00a0<\/li><li>ALN\u00a0iev\u0113ro\u0161anas kontroli nodro\u0161ina sabiedr\u012bba ar ierobe\u017eotu atbild\u012bbu \u201cOmnium Apsardze\u201d, re\u0123istr\u0101cijas Nr. 50003726071\u00a0(Apsardze), t\u0101lru\u0146a numurs\u00a067283037.<\/li><li>Pirms iebrauk\u0161anas Autost\u0101vviet\u0101 transportl\u012bdzek\u013cu vad\u012bt\u0101ju pien\u0101kums ir iepaz\u012bties ar ALN.<\/li><li>Autost\u0101vviet\u0101 visas st\u0101vvietas ir rezerv\u0113tas. Transportl\u012bdzekli ir at\u013cauts novietot Autost\u0101vviet\u0101, ja \u0161\u0101das ties\u012bbas ir pie\u0161\u0137irtas saska\u0146\u0101 ar l\u012bgumu par Autost\u0101vvietas lieto\u0161anu, kas nosl\u0113gts ar \u012apa\u0161niekiem\u00a0(L\u012bgums).\u00a0<\/li><li>Pre\u010du pieg\u0101d\u0113m Autost\u0101vviet\u0101 ir ties\u012bbas iebraukt tikai ar Apsardzes at\u013cauju un novietot transportl\u012bdzekli \u012bslaic\u012bgai st\u0101v\u0113\u0161anai l\u012bdz\u00a020 min\u016bt\u0113m\u00a0Apsardzes nor\u0101d\u012bt\u0101 viet\u0101.\u00a0<\/li><li>Iebrauk\u0161ana un izbrauk\u0161ana no Autost\u0101vvietas tiek nodro\u0161in\u0101ta, atverot Autost\u0101vvietas barjeru autom\u0101tiski ar transportl\u012bdzek\u013cu valsts re\u0123istr\u0101cijas numuru atpaz\u012b\u0161anas sist\u0113mu vai manu\u0101li, transportl\u012bdzek\u013ca vad\u012bt\u0101jam barjeru atverot ar pulti vai karti.<\/li><li>Transportl\u012bdzek\u013cu vad\u012bt\u0101jiem Autost\u0101vviet\u0101 ir pien\u0101kums iev\u0113rot normat\u012bvajos aktos noteikto ce\u013cu satiksmes k\u0101rt\u012bbu, informat\u012bv\u0101s z\u012bmes un horizont\u0101los ce\u013cu apz\u012bm\u0113jumus, neapgr\u016btinot citus Autost\u0101vvietas lietot\u0101jus.\u00a0<\/li><li>Transportl\u012bdzekli at\u013cauts novietot tikai L\u012bgum\u0101 nor\u0101d\u012btaj\u0101 st\u0101vviet\u0101, iev\u0113rojot horizont\u0101los ce\u013ca apz\u012bm\u0113jumus. Ja L\u012bgum\u0101 nor\u0101d\u012bt\u0101 st\u0101vvieta ir aiz\u0146emta vai t\u0101s lieto\u0161ana ir apgr\u016btin\u0101ta cita transportl\u012bdzek\u013ca nepareizas novieto\u0161anas rezult\u0101t\u0101, transportl\u012bdzek\u013ca vad\u012bt\u0101jam nav ties\u012bbu aiz\u0146emt citu st\u0101vvietu, bet ir pien\u0101kums nekav\u0113joties sazin\u0101ties ar Apsardzi.<\/li><li>\u012apa\u0161nieki neuz\u0146emas nek\u0101du atbild\u012bbu par Autost\u0101vviet\u0101 novietot\u0101 transportl\u012bdzek\u013ca boj\u0101jumiem, transportl\u012bdzek\u013ca vai taj\u0101 atst\u0101t\u0101s mantas z\u0101dz\u012bbu, tre\u0161o personu r\u012bc\u012bbu un\/vai uguns nodar\u012btu kait\u0113jumu.<\/li><li>Transportl\u012bdzek\u013ca vad\u012bt\u0101js ir atbild\u012bgs par Autost\u0101vviet\u0101 novietot\u0101 transportl\u012bdzek\u013ca un taj\u0101 atst\u0101t\u0101s mantas dro\u0161\u012bbu.\u00a0<\/li><li>Autost\u0101vvietas lietot\u0101ji atbild par visiem zaud\u0113jumiem, ko tie ar savu tie\u0161u vai netie\u0161u r\u012bc\u012bbu ir nodar\u012bju\u0161i citiem Autost\u0101vvietas lietot\u0101jiem.<\/li><li>Ja transportl\u012bdzeklis tiks novietots Autost\u0101vviet\u0101, p\u0101rk\u0101pjot \u0161os ALN t\u0101d\u0113j\u0101di, ka transportl\u012bdzeklis apgr\u016btina Autost\u0101vvietas izmanto\u0161anu citiem lietot\u0101jiem, \u012apa\u0161niekiem saska\u0146\u0101 ar L\u012bgumu ir ties\u012bbas piem\u0113rot l\u012bgumsodu un veikt transportl\u012bdzek\u013ca piespiedu p\u0101rvieto\u0161anu vai evaku\u0101ciju.<\/li><li>Ja transportl\u012bdzeklis tiks novietots Autost\u0101vviet\u0101, p\u0101rk\u0101pjot \u0161os ALN, \u012apa\u0161niekiem ir ties\u012bbas noblo\u0137\u0113t\u00a0 transportl\u012bdzeklim piek\u013cuvi Autost\u0101vvietai.<\/li><li>Transportl\u012bdzek\u013ca vad\u012bt\u0101jiem un citiem Autost\u0101vvietas lietot\u0101jiem ir pien\u0101kums Autost\u0101vviet\u0101 iev\u0113rot sabiedrisk\u0101s k\u0101rt\u012bbas noteikumus un ugunsdro\u0161\u012bbas noteikumus, k\u0101 ar\u012b pild\u012bt Apsardzes nor\u0101d\u012bjumus.\u00a0<\/li><li>Autost\u0101vviet\u0101 ir AIZLIEGTS:<ul><li>16.1. Lietot alkoholiskos dz\u0113rienus, k\u0101 ar\u012b citas apreibino\u0161as vielas;<\/li><li>16.2. Trok\u0161\u0146ot, tostarp, \u013caut ilgsto\u0161i skan\u0113t trauksmes sign\u0101liem, ja nostr\u0101d\u0101jusi transportl\u012bdzek\u013ca signaliz\u0101cija<\/li><li>16.3. Veikt transportl\u012bdzek\u013ca remontu, uzpild\u012bt degvielu un e\u013c\u013cu. Nepiecie\u0161am\u012bbas gad\u012bjum\u0101 ir pie\u013caujama logu mazg\u0101\u0161anas \u0161\u0137idruma, tosola uzpild\u012b\u0161ana, riepu piepild\u012b\u0161ana ar gaisu, un to nomai\u0146a<\/li><li>16.4. Veikt jebk\u0101das darb\u012bbas, kas var\u0113tu nodar\u012bt zaud\u0113jumus citiem Autost\u0101vvietas lietot\u0101jiem<\/li><li>16.5. Ilgsto\u0161i uztur\u0113ties transportl\u012bdzek\u013ca salon\u0101, ja t\u0101 nav saist\u012bta ar transportl\u012bdzek\u013ca novieto\u0161anu st\u0101vviet\u0101, iebrauk\u0161anu vai izbrauk\u0161anu no Autost\u0101vvietas, bag\u0101\u017eas iekrau\u0161anu vai izkrau\u0161anu<\/li><li>16.6. Rekl\u0101mas materi\u0101lu pied\u0101v\u0101\u0161ana un pre\u010du izplat\u012b\u0161ana bez iepriek\u0161\u0113jas vieno\u0161an\u0101s ar \u012apa\u0161niekiem.<\/li><\/ul><\/li><\/ol>\t\t\t\t\t\t\t\t<\/div>\n\t\t\t\t<\/div>\n\t\t\t\t<div class=\"elementor-element elementor-element-7a9369b elementor-widget elementor-widget-heading\" data-id=\"7a9369b\" data-element_type=\"widget\" data-e-type=\"widget\" data-widget_type=\"heading.default\">\n\t\t\t\t<div class=\"elementor-widget-container\">\n\t\t\t\t\t<h3 class=\"elementor-heading-title elementor-size-default\">Ernesta Birznieka \u2013 Up\u012b\u0161a iela 3 (St\u0101vvieta EBU3)<\/h3>\t\t\t\t<\/div>\n\t\t\t\t<\/div>\n\t\t\t\t<div class=\"elementor-element elementor-element-fd1cf4b elementor-widget elementor-widget-text-editor\" data-id=\"fd1cf4b\" data-element_type=\"widget\" data-e-type=\"widget\" data-widget_type=\"text-editor.default\">\n\t\t\t\t<div class=\"elementor-widget-container\">\n\t\t\t\t\t\t\t\t\t<ol><li>\u0160\u012bs autost\u0101vvietas teritorija\u00a0(Autost\u0101vvieta)\u00a0ir priv\u0101t\u012bpa\u0161ums. Autost\u0101vvietas \u012bpa\u0161nieks ir Sabiedr\u012bba ar ierobe\u017eotu atbild\u012bbu \u201cOMNIUM\u201d, re\u0123istr\u0101cijas Nr.40003567911,,\u00a0(\u012apa\u0161nieks).<\/li><li>\u0160ie Autost\u0101vvietas Lieto\u0161anas Noteikumi\u00a0(ALN)\u00a0ir saisto\u0161i vis\u0101m person\u0101m (transporta l\u012bdzek\u013cu vad\u012bt\u0101jiem), kuras iebrauc un novieto\u00a0 transportl\u012bdzekli\u00a0 \u0161aj\u0101 Autost\u0101vviet\u0101.\u00a0<\/li><li>ALN\u00a0iev\u0113ro\u0161anas kontroli nodro\u0161ina sabiedr\u012bba ar ierobe\u017eotu atbild\u012bbu \u201cOmnium Apsardze\u201d, re\u0123istr\u0101cijas Nr. 50003726071\u00a0(Apsardze), t\u0101lru\u0146a numurs\u00a067283037.<\/li><li>Pirms iebrauk\u0161anas Autost\u0101vviet\u0101 transportl\u012bdzek\u013cu vad\u012bt\u0101ju pien\u0101kums ir iepaz\u012bties ar ALN.<\/li><li>Autost\u0101vviet\u0101 visas st\u0101vvietas ir rezerv\u0113tas. Transportl\u012bdzekli ir at\u013cauts novietot Autost\u0101vviet\u0101, ja \u0161\u0101das ties\u012bbas ir pie\u0161\u0137irtas saska\u0146\u0101 ar l\u012bgumu par Autost\u0101vvietas lieto\u0161anu, kas nosl\u0113gts ar \u012apa\u0161nieku\u00a0(L\u012bgums).\u00a0<\/li><li>Pre\u010du pieg\u0101d\u0113m Autost\u0101vviet\u0101 ir ties\u012bbas iebraukt tikai ar Apsardzes at\u013cauju un novietot transportl\u012bdzekli \u012bslaic\u012bgai st\u0101v\u0113\u0161anai l\u012bdz\u00a020 min\u016bt\u0113m\u00a0Apsardzes nor\u0101d\u012bt\u0101 viet\u0101.\u00a0<\/li><li>Iebrauk\u0161ana un izbrauk\u0161ana no Autost\u0101vvietas tiek nodro\u0161in\u0101ta, atverot Autost\u0101vvietas barjeru autom\u0101tiski ar transportl\u012bdzek\u013cu valsts re\u0123istr\u0101cijas numuru atpaz\u012b\u0161anas sist\u0113mu vai manu\u0101li, transportl\u012bdzek\u013ca vad\u012bt\u0101jam barjeru atverot ar pulti vai karti.<\/li><li>Transportl\u012bdzek\u013cu vad\u012bt\u0101jiem Autost\u0101vviet\u0101 ir pien\u0101kums iev\u0113rot normat\u012bvajos aktos noteikto ce\u013cu satiksmes k\u0101rt\u012bbu, informat\u012bv\u0101s z\u012bmes un horizont\u0101los ce\u013cu apz\u012bm\u0113jumus, neapgr\u016btinot citus Autost\u0101vvietas lietot\u0101jus.\u00a0<\/li><li>Transportl\u012bdzekli at\u013cauts novietot tikai L\u012bgum\u0101 nor\u0101d\u012btaj\u0101 st\u0101vviet\u0101, iev\u0113rojot horizont\u0101los ce\u013ca apz\u012bm\u0113jumus. Ja L\u012bgum\u0101 nor\u0101d\u012bt\u0101 st\u0101vvieta ir aiz\u0146emta vai t\u0101s lieto\u0161ana ir apgr\u016btin\u0101ta cita transportl\u012bdzek\u013ca nepareizas novieto\u0161anas rezult\u0101t\u0101, transportl\u012bdzek\u013ca vad\u012bt\u0101jam nav ties\u012bbu aiz\u0146emt citu st\u0101vvietu, bet ir pien\u0101kums nekav\u0113joties sazin\u0101ties ar Apsardzi.<\/li><li>\u012apa\u0161nieks neuz\u0146emas nek\u0101du atbild\u012bbu par Autost\u0101vviet\u0101 novietot\u0101 transportl\u012bdzek\u013ca boj\u0101jumiem, transportl\u012bdzek\u013ca vai taj\u0101 atst\u0101t\u0101s mantas z\u0101dz\u012bbu, tre\u0161o personu r\u012bc\u012bbu un\/vai uguns nodar\u012btu kait\u0113jumu.<\/li><li>Transportl\u012bdzek\u013ca vad\u012bt\u0101js ir atbild\u012bgs par Autost\u0101vviet\u0101 novietot\u0101 transportl\u012bdzek\u013ca un taj\u0101 atst\u0101t\u0101s mantas dro\u0161\u012bbu.\u00a0<\/li><li>Autost\u0101vvietas lietot\u0101ji atbild par visiem zaud\u0113jumiem, ko tie ar savu tie\u0161u vai netie\u0161u r\u012bc\u012bbu ir nodar\u012bju\u0161i citiem Autost\u0101vvietas lietot\u0101jiem.<\/li><li>Ja transportl\u012bdzeklis tiks novietots Autost\u0101vviet\u0101, p\u0101rk\u0101pjot \u0161os ALN t\u0101d\u0113j\u0101di, ka transportl\u012bdzeklis apgr\u016btina Autost\u0101vvietas izmanto\u0161anu citiem lietot\u0101jiem, \u012apa\u0161niekam saska\u0146\u0101 ar L\u012bgumu ir ties\u012bbas piem\u0113rot l\u012bgumsodu un veikt transportl\u012bdzek\u013ca piespiedu p\u0101rvieto\u0161anu vai evaku\u0101ciju.<\/li><li>Ja transportl\u012bdzeklis tiks novietots Autost\u0101vviet\u0101, p\u0101rk\u0101pjot \u0161os ALN, \u012apa\u0161niekam ir ties\u012bbas noblo\u0137\u0113t\u00a0 transportl\u012bdzeklim piek\u013cuvi Autost\u0101vvietai.<\/li><li>Transportl\u012bdzek\u013ca vad\u012bt\u0101jiem un citiem Autost\u0101vvietas lietot\u0101jiem ir pien\u0101kums Autost\u0101vviet\u0101 iev\u0113rot sabiedrisk\u0101s k\u0101rt\u012bbas noteikumus un ugunsdro\u0161\u012bbas noteikumus, k\u0101 ar\u012b pild\u012bt Apsardzes nor\u0101d\u012bjumus.\u00a0<\/li><li>Autost\u0101vviet\u0101 ir AIZLIEGTS:<ul><li>16.1. Lietot alkoholiskos dz\u0113rienus, k\u0101 ar\u012b citas apreibino\u0161as vielas;<\/li><li>16.2. Trok\u0161\u0146ot, tostarp, \u013caut ilgsto\u0161i skan\u0113t trauksmes sign\u0101liem, ja nostr\u0101d\u0101jusi transportl\u012bdzek\u013ca signaliz\u0101cija;<\/li><li>16.3. Veikt transportl\u012bdzek\u013ca remontu, uzpild\u012bt degvielu un e\u013c\u013cu. Nepiecie\u0161am\u012bbas gad\u012bjum\u0101 ir pie\u013caujama logu mazg\u0101\u0161anas \u0161\u0137idruma, tosola uzpild\u012b\u0161ana, riepu piepild\u012b\u0161ana ar gaisu, un to nomai\u0146a;<\/li><li>16.4. Veikt jebk\u0101das darb\u012bbas, kas var\u0113tu nodar\u012bt zaud\u0113jumus citiem Autost\u0101vvietas lietot\u0101jiem;<\/li><li>16.5. Ilgsto\u0161i uztur\u0113ties transportl\u012bdzek\u013ca salon\u0101, ja t\u0101 nav saist\u012bta ar transportl\u012bdzek\u013ca novieto\u0161anu st\u0101vviet\u0101, iebrauk\u0161anu vai izbrauk\u0161anu no Autost\u0101vvietas, bag\u0101\u017eas iekrau\u0161anu vai izkrau\u0161anu;<\/li><li>16.6. Rekl\u0101mas materi\u0101lu pied\u0101v\u0101\u0161ana un pre\u010du izplat\u012b\u0161ana bez iepriek\u0161\u0113jas vieno\u0161an\u0101s ar \u012apa\u0161nieku<\/li><\/ul><\/li><\/ol>\t\t\t\t\t\t\t\t<\/div>\n\t\t\t\t<\/div>\n\t\t\t\t<\/div>\n\t\t\t\t<\/div>\n\t\t\t\t<\/div>","protected":false},"excerpt":{"rendered":"<p>Noteikumi Autost\u0101vvietas Lieto\u0161anas Noteikumi (St\u0101vvieta Dz90) \u0160\u012bs autost\u0101vvietas teritorija\u00a0(Autost\u0101vvieta)\u00a0ir priv\u0101t\u012bpa\u0161ums. Autost\u0101vvietas \u012bpa\u0161nieki ir Sabiedr\u012bba ar ierobe\u017eotu atbild\u012bbu \u201cOmnium Novus\u201d, re\u0123istr\u0101cijas Nr.40003224680, un SIA \u201cOmnium Invest\u201d, re\u0123istr\u0101cijas Nr. 40003882449,\u00a0(\u012apa\u0161nieki). \u0160ie Autost\u0101vvietas Lieto\u0161anas Noteikumi\u00a0(ALN)\u00a0ir saisto\u0161i vis\u0101m person\u0101m (transporta l\u012bdzek\u013cu vad\u012bt\u0101jiem), kuras iebrauc un novieto\u00a0 transportl\u012bdzekli\u00a0 \u0161aj\u0101 Autost\u0101vviet\u0101.\u00a0 ALN\u00a0iev\u0113ro\u0161anas kontroli nodro\u0161ina sabiedr\u012bba ar ierobe\u017eotu atbild\u012bbu \u201cOmnium Apsardze\u201d, re\u0123istr\u0101cijas [&hellip;]<\/p>","protected":false},"author":1,"featured_media":0,"parent":0,"menu_order":0,"comment_status":"closed","ping_status":"closed","template":"elementor_header_footer","meta":{"_acf_changed":false,"inline_featured_image":false,"footnotes":""},"class_list":["post-1839","page","type-page","status-publish","hentry"],"acf":[],"_links":{"self":[{"href":"https:\/\/bergabazars.lv\/en\/wp-json\/wp\/v2\/pages\/1839","targetHints":{"allow":["GET"]}}],"collection":[{"href":"https:\/\/bergabazars.lv\/en\/wp-json\/wp\/v2\/pages"}],"about":[{"href":"https:\/\/bergabazars.lv\/en\/wp-json\/wp\/v2\/types\/page"}],"author":[{"embeddable":true,"href":"https:\/\/bergabazars.lv\/en\/wp-json\/wp\/v2\/users\/1"}],"replies":[{"embeddable":true,"href":"https:\/\/bergabazars.lv\/en\/wp-json\/wp\/v2\/comments?post=1839"}],"version-history":[{"count":31,"href":"https:\/\/bergabazars.lv\/en\/wp-json\/wp\/v2\/pages\/1839\/revisions"}],"predecessor-version":[{"id":2264,"href":"https:\/\/bergabazars.lv\/en\/wp-json\/wp\/v2\/pages\/1839\/revisions\/2264"}],"wp:attachment":[{"href":"https:\/\/bergabazars.lv\/en\/wp-json\/wp\/v2\/media?parent=1839"}],"curies":[{"name":"wp","href":"https:\/\/api.w.org\/{rel}","templated":true}]}}