{"id":835,"date":"2024-09-19T16:38:40","date_gmt":"2024-09-19T16:38:40","guid":{"rendered":"https:\/\/bergabazars.lv\/?page_id=835"},"modified":"2025-11-28T09:59:29","modified_gmt":"2025-11-28T09:59:29","slug":"kontakti","status":"publish","type":"page","link":"https:\/\/bergabazars.lv\/en\/kontakti\/","title":{"rendered":"Contacts"},"content":{"rendered":"<div data-elementor-type=\"wp-page\" data-elementor-id=\"835\" class=\"elementor elementor-835\" data-elementor-post-type=\"page\">\n\t\t\t\t<div class=\"elementor-element elementor-element-102128a e-con-full e-flex e-con e-parent\" data-id=\"102128a\" data-element_type=\"container\" data-e-type=\"container\">\n\t\t<div class=\"elementor-element elementor-element-5d7556e e-con-full e-flex e-con e-child\" data-id=\"5d7556e\" data-element_type=\"container\" data-e-type=\"container\" data-settings=\"{&quot;background_background&quot;:&quot;classic&quot;}\">\n\t\t<div class=\"elementor-element elementor-element-d738125 e-flex e-con-boxed e-con e-child\" data-id=\"d738125\" data-element_type=\"container\" data-e-type=\"container\">\n\t\t\t\t\t<div class=\"e-con-inner\">\n\t\t\t\t<div class=\"elementor-element elementor-element-ffbda6e elementor-invisible elementor-widget elementor-widget-heading\" data-id=\"ffbda6e\" data-element_type=\"widget\" data-e-type=\"widget\" data-settings=\"{&quot;_animation&quot;:&quot;fadeIn&quot;}\" data-widget_type=\"heading.default\">\n\t\t\t\t<div class=\"elementor-widget-container\">\n\t\t\t\t\t<h1 class=\"elementor-heading-title elementor-size-default\">Contacts<\/h1>\t\t\t\t<\/div>\n\t\t\t\t<\/div>\n\t\t\t\t\t<\/div>\n\t\t\t\t<\/div>\n\t\t\t\t<\/div>\n\t\t<div class=\"elementor-element elementor-element-2142dee e-con-full e-flex e-con e-child\" data-id=\"2142dee\" data-element_type=\"container\" data-e-type=\"container\" data-settings=\"{&quot;background_background&quot;:&quot;classic&quot;}\">\n\t\t\t\t<\/div>\n\t\t\t\t<\/div>\n\t\t<div class=\"elementor-element elementor-element-d2f2265 e-con-full e-flex e-con e-parent\" data-id=\"d2f2265\" data-element_type=\"container\" data-e-type=\"container\" data-settings=\"{&quot;background_background&quot;:&quot;classic&quot;}\">\n\t\t<div class=\"elementor-element elementor-element-7465e83 e-con-full e-flex e-con e-child\" data-id=\"7465e83\" data-element_type=\"container\" data-e-type=\"container\">\n\t\t<div class=\"elementor-element elementor-element-cf57a80 e-flex e-con-boxed e-con e-child\" data-id=\"cf57a80\" data-element_type=\"container\" data-e-type=\"container\">\n\t\t\t\t\t<div class=\"e-con-inner\">\n\t\t\t\t<div class=\"elementor-element elementor-element-502f91d elementor-widget elementor-widget-heading\" data-id=\"502f91d\" data-element_type=\"widget\" data-e-type=\"widget\" data-widget_type=\"heading.default\">\n\t\t\t\t<div class=\"elementor-widget-container\">\n\t\t\t\t\t<h3 class=\"elementor-heading-title elementor-size-default\">For inquiries about marketing, events, as well as the operation of shops, restaurants, and salons:<\/h3>\t\t\t\t<\/div>\n\t\t\t\t<\/div>\n\t\t\t\t<div class=\"elementor-element elementor-element-5c244f8 elementor-widget elementor-widget-heading\" data-id=\"5c244f8\" data-element_type=\"widget\" data-e-type=\"widget\" data-widget_type=\"heading.default\">\n\t\t\t\t<div class=\"elementor-widget-container\">\n\t\t\t\t\t<p class=\"elementor-heading-title elementor-size-default\">info@omniumproperties.lv<br><br><p class=\"MsoNormal\" style=\"margin: 0cm;font-size: 10pt;font-family: Aptos, sans-serif;letter-spacing: normal\"><span lang=\"LV\" style=\"font-size: 11pt;font-family: Calibri, sans-serif\"><span data-markjs=\"true\" class=\"outlook-search-highlight\"><span data-markjs=\"true\" class=\"outlook-search-highlight\">Regulations<\/span><\/span><span class=\"Apple-converted-space\">&nbsp;<\/span>for filming for commercial purposes at Bergs Bazaar:<\/span><\/p><ol start=\"1\" type=\"1\" style=\"margin-bottom: 0cm;padding-inline-start: 2.5em;font-family: Aptos;font-size: 16px;letter-spacing: normal;margin-top: 0cm\"><li class=\"MsoNormal\" style=\"margin: 0cm;font-size: 10pt;font-family: Aptos, sans-serif\"><span lang=\"LV\" style=\"font-size: 11pt;font-family: Calibri, sans-serif\">Basic fee (minimum) 450 EUR + VAT. Invoice issued by SIA \u201cOmnium Invest\u201d. Payment due at least one day before filming. &nbsp;&nbsp;&nbsp;&nbsp;<\/span><\/li><li class=\"MsoNormal\" style=\"margin: 0cm;font-size: 10pt;font-family: Aptos, sans-serif\"><span lang=\"LV\" style=\"font-size: 11pt;font-family: Calibri, sans-serif\">After 4 hours, 100 EUR per hour + VAT. Calculated in half-hour intervals. Payment term by agreement.<span class=\"Apple-converted-space\">&nbsp;<\/span><\/span><\/li><li class=\"MsoNormal\" style=\"margin: 0cm;font-size: 10pt;font-family: Aptos, sans-serif\"><span lang=\"LV\" style=\"font-size: 11pt;font-family: Calibri, sans-serif\">The Bergs Bazaar logo, Hotel Bergs and other tenants' names and trademarks can not be displayed without prior consent.<span class=\"Apple-converted-space\">&nbsp;<\/span><\/span><\/li><li class=\"MsoNormal\" style=\"margin: 0cm;font-size: 10pt;font-family: Aptos, sans-serif\"><span lang=\"LV\" style=\"font-size: 11pt;font-family: Calibri, sans-serif\">The client does not interfere with the activities of the tenants without approval.<span class=\"Apple-converted-space\">&nbsp;<\/span><\/span><\/li><li class=\"MsoNormal\" style=\"margin: 0cm;font-size: 10pt;font-family: Aptos, sans-serif\"><span lang=\"LV\" style=\"font-size: 11pt;font-family: Calibri, sans-serif\">The customer is responsible for all losses and damages caused.&nbsp; &nbsp;<\/span><\/li><\/ol><\/p>\t\t\t\t<\/div>\n\t\t\t\t<\/div>\n\t\t\t\t<div class=\"elementor-element elementor-element-03b2922 elementor-widget elementor-widget-heading\" data-id=\"03b2922\" data-element_type=\"widget\" data-e-type=\"widget\" data-widget_type=\"heading.default\">\n\t\t\t\t<div class=\"elementor-widget-container\">\n\t\t\t\t\t<h3 class=\"elementor-heading-title elementor-size-default\">For property management, leasing, and rentals:<\/h3>\t\t\t\t<\/div>\n\t\t\t\t<\/div>\n\t\t\t\t<div class=\"elementor-element elementor-element-50c1d77 elementor-widget elementor-widget-heading\" data-id=\"50c1d77\" data-element_type=\"widget\" data-e-type=\"widget\" data-widget_type=\"heading.default\">\n\t\t\t\t<div class=\"elementor-widget-container\">\n\t\t\t\t\t<p class=\"elementor-heading-title elementor-size-default\">info@omniumproperties.lv<\/p>\t\t\t\t<\/div>\n\t\t\t\t<\/div>\n\t\t\t\t\t<\/div>\n\t\t\t\t<\/div>\n\t\t<div class=\"elementor-element elementor-element-b4b9f9b e-con-full e-flex e-con e-child\" data-id=\"b4b9f9b\" data-element_type=\"container\" data-e-type=\"container\">\n\t\t<div class=\"elementor-element elementor-element-7da44ca e-con-full e-flex e-con e-child\" data-id=\"7da44ca\" data-element_type=\"container\" data-e-type=\"container\" data-settings=\"{&quot;background_background&quot;:&quot;classic&quot;}\">\n\t\t\t\t<div class=\"elementor-element elementor-element-4501f49 elementor-widget__width-initial elementor-button-align-stretch elementor-widget elementor-widget-form\" data-id=\"4501f49\" data-element_type=\"widget\" data-e-type=\"widget\" data-settings=\"{&quot;step_next_label&quot;:&quot;Next&quot;,&quot;step_previous_label&quot;:&quot;Previous&quot;,&quot;button_width&quot;:&quot;100&quot;,&quot;step_type&quot;:&quot;number_text&quot;,&quot;step_icon_shape&quot;:&quot;circle&quot;}\" data-widget_type=\"form.default\">\n\t\t\t\t<div class=\"elementor-widget-container\">\n\t\t\t\t\t\t\t<form class=\"elementor-form\" method=\"post\" name=\"New Form\" action=\"\">\n\t\t\t<input type=\"hidden\" name=\"post_id\" value=\"835\"\/>\n\t\t\t<input type=\"hidden\" name=\"form_id\" value=\"4501f49\"\/>\n\t\t\t<input type=\"hidden\" name=\"referer_title\" value=\"Kontakti\" \/>\n\n\t\t\t\t\t\t\t<input type=\"hidden\" name=\"queried_id\" value=\"835\"\/>\n\t\t\t\n\t\t\t<div class=\"elementor-form-fields-wrapper elementor-labels-\">\n\t\t\t\t\t\t\t\t<div class=\"elementor-field-type-text elementor-field-group elementor-column elementor-field-group-name elementor-col-100\">\n\t\t\t\t\t\t\t\t\t\t\t\t<label for=\"form-field-name\" class=\"elementor-field-label elementor-screen-only\">\n\t\t\t\t\t\t\t\tV\u0101rds\t\t\t\t\t\t\t<\/label>\n\t\t\t\t\t\t\t\t\t\t\t\t\t\t<input size=\"1\" type=\"text\" name=\"form_fields[name]\" id=\"form-field-name\" class=\"elementor-field elementor-size-sm  elementor-field-textual\" placeholder=\"Your name, last name\">\n\t\t\t\t\t\t\t\t\t\t\t<\/div>\n\t\t\t\t\t\t\t\t<div class=\"elementor-field-type-email elementor-field-group elementor-column elementor-field-group-email elementor-col-100 elementor-field-required\">\n\t\t\t\t\t\t\t\t\t\t\t\t<label for=\"form-field-email\" class=\"elementor-field-label elementor-screen-only\">\n\t\t\t\t\t\t\t\tEpasts\t\t\t\t\t\t\t<\/label>\n\t\t\t\t\t\t\t\t\t\t\t\t\t\t<input size=\"1\" type=\"email\" name=\"form_fields[email]\" id=\"form-field-email\" class=\"elementor-field elementor-size-sm  elementor-field-textual\" placeholder=\"Your email address\" required=\"required\">\n\t\t\t\t\t\t\t\t\t\t\t<\/div>\n\t\t\t\t\t\t\t\t<div class=\"elementor-field-type-textarea elementor-field-group elementor-column elementor-field-group-message elementor-col-100\">\n\t\t\t\t\t\t\t\t\t\t\t\t<label for=\"form-field-message\" class=\"elementor-field-label elementor-screen-only\">\n\t\t\t\t\t\t\t\tMessage\t\t\t\t\t\t\t<\/label>\n\t\t\t\t\t\t<textarea class=\"elementor-field-textual elementor-field  elementor-size-sm\" name=\"form_fields[message]\" id=\"form-field-message\" rows=\"6\" placeholder=\"Your message to us\"><\/textarea>\t\t\t\t<\/div>\n\t\t\t\t\t\t\t\t<div class=\"elementor-field-type-acceptance elementor-field-group elementor-column elementor-field-group-field_65ce1e3 elementor-col-100\">\n\t\t\t\t\t\t\t\t\t\t\t\t<label for=\"form-field-field_65ce1e3\" class=\"elementor-field-label elementor-screen-only\">\n\t\t\t\t\t\t\t\tPriv\u0101tuma politika\t\t\t\t\t\t\t<\/label>\n\t\t\t\t\t\t\t\t<div class=\"elementor-field-subgroup\">\n\t\t\t<span class=\"elementor-field-option\">\n\t\t\t\t<input type=\"checkbox\" name=\"form_fields[field_65ce1e3]\" id=\"form-field-field_65ce1e3\" class=\"elementor-field elementor-size-sm  elementor-acceptance-field\">\n\t\t\t\t<label for=\"form-field-field_65ce1e3\">I agree to the processing of my personal data in accordance with Regulation (EU) 2016\/679 and confirm that I have read the Privacy Policy.<\/label>\t\t\t<\/span>\n\t\t<\/div>\n\t\t\t\t\t\t<\/div>\n\t\t\t\t\t\t\t\t<div class=\"elementor-field-type-recaptcha_v3 elementor-field-group elementor-column elementor-field-group-field_834f8cc elementor-col-100 recaptcha_v3-bottomleft\">\n\t\t\t\t\t<div class=\"elementor-field\" id=\"form-field-field_834f8cc\"><div class=\"elementor-g-recaptcha\" data-sitekey=\"6LehI-EqAAAAAMqS7RZJseqJLMFpspeyHnH6rbzE\" data-type=\"v3\" data-action=\"Form\" data-badge=\"bottomleft\" data-size=\"invisible\"><\/div><\/div>\t\t\t\t<\/div>\n\t\t\t\t\t\t\t\t<div class=\"elementor-field-type-text\">\n\t\t\t\t\t<input size=\"1\" type=\"text\" name=\"form_fields[field_1ae6016]\" id=\"form-field-field_1ae6016\" class=\"elementor-field elementor-size-sm\" style=\"display:none !important;\">\t\t\t\t<\/div>\n\t\t\t\t\t\t\t\t<div class=\"elementor-field-type-text\">\n\t\t\t\t\t<input size=\"1\" type=\"text\" name=\"form_fields[field_f9af4d4]\" id=\"form-field-field_f9af4d4\" class=\"elementor-field elementor-size-sm\" style=\"display:none !important;\">\t\t\t\t<\/div>\n\t\t\t\t\t\t\t\t<div class=\"elementor-field-type-text\">\n\t\t\t\t\t<input size=\"1\" type=\"text\" name=\"form_fields[field_00af98b]\" id=\"form-field-field_00af98b\" class=\"elementor-field elementor-size-sm\" style=\"display:none !important;\">\t\t\t\t<\/div>\n\t\t\t\t\t\t\t\t<div class=\"elementor-field-type-text\">\n\t\t\t\t\t<input size=\"1\" type=\"text\" name=\"form_fields[field_172ef8b]\" id=\"form-field-field_172ef8b\" class=\"elementor-field elementor-size-sm\" style=\"display:none !important;\">\t\t\t\t<\/div>\n\t\t\t\t\t\t\t\t<div class=\"elementor-field-group elementor-column elementor-field-type-submit elementor-col-100 e-form__buttons\">\n\t\t\t\t\t<button class=\"elementor-button elementor-size-sm\" type=\"submit\">\n\t\t\t\t\t\t<span class=\"elementor-button-content-wrapper\">\n\t\t\t\t\t\t\t\t\t\t\t\t\t\t\t\t\t\t\t\t\t\t<span class=\"elementor-button-text\">Send<\/span>\n\t\t\t\t\t\t\t\t\t\t\t\t\t<\/span>\n\t\t\t\t\t<\/button>\n\t\t\t\t<\/div>\n\t\t\t<\/div>\n\t\t<input type=\"hidden\" name=\"trp-form-language\" value=\"en\"\/><\/form>\n\t\t\t\t\t\t<\/div>\n\t\t\t\t<\/div>\n\t\t\t\t<\/div>\n\t\t\t\t<\/div>\n\t\t\t\t<\/div>\n\t\t<div class=\"elementor-element elementor-element-b827bf8 e-con-full e-flex e-con e-child\" data-id=\"b827bf8\" data-element_type=\"container\" data-e-type=\"container\" data-settings=\"{&quot;background_background&quot;:&quot;classic&quot;}\">\n\t\t\t\t<\/div>\n\t\t\t\t<\/div>\n\t\t\t\t<\/div>","protected":false},"excerpt":{"rendered":"<p>Par m\u0101rketinga jaut\u0101jumiem, pas\u0101kumiem, k\u0101 ar\u012b veikalu, restor\u0101nu un salonu darb\u012bbu: info@omniumproperties.lv Noteikumi&nbsp;film\u0113\u0161anai komerci\u0101liem nol\u016bkiem Berga baz\u0101r\u0101: Pamatmaksa (minimums) 450 EUR + PVN.&nbsp; R\u0113\u0137inu izst\u0101da SIA \u201cOmnium Invest\u201d. Maks\u0101juma termi\u0146\u0161 vismaz diena pirms film\u0113\u0161anas. &nbsp;&nbsp;&nbsp;&nbsp; P\u0113c 4 stund\u0101m, 100 EUR stund\u0101 + PVN. Tiek apr\u0113\u0137in\u0101ts pusstundas interv\u0101los. Maks\u0101juma termi\u0146\u0161 p\u0113c vieno\u0161an\u0101s.&nbsp; Berga baz\u0101ra logo, Hotel [&hellip;]<\/p>","protected":false},"author":1,"featured_media":0,"parent":0,"menu_order":0,"comment_status":"closed","ping_status":"closed","template":"elementor_header_footer","meta":{"_acf_changed":false,"inline_featured_image":false,"footnotes":""},"class_list":["post-835","page","type-page","status-publish","hentry"],"acf":[],"_links":{"self":[{"href":"https:\/\/bergabazars.lv\/en\/wp-json\/wp\/v2\/pages\/835","targetHints":{"allow":["GET"]}}],"collection":[{"href":"https:\/\/bergabazars.lv\/en\/wp-json\/wp\/v2\/pages"}],"about":[{"href":"https:\/\/bergabazars.lv\/en\/wp-json\/wp\/v2\/types\/page"}],"author":[{"embeddable":true,"href":"https:\/\/bergabazars.lv\/en\/wp-json\/wp\/v2\/users\/1"}],"replies":[{"embeddable":true,"href":"https:\/\/bergabazars.lv\/en\/wp-json\/wp\/v2\/comments?post=835"}],"version-history":[{"count":124,"href":"https:\/\/bergabazars.lv\/en\/wp-json\/wp\/v2\/pages\/835\/revisions"}],"predecessor-version":[{"id":2976,"href":"https:\/\/bergabazars.lv\/en\/wp-json\/wp\/v2\/pages\/835\/revisions\/2976"}],"wp:attachment":[{"href":"https:\/\/bergabazars.lv\/en\/wp-json\/wp\/v2\/media?parent=835"}],"curies":[{"name":"wp","href":"https:\/\/api.w.org\/{rel}","templated":true}]}}